{"id":44,"date":"2018-12-19T08:56:45","date_gmt":"2018-12-19T08:56:45","guid":{"rendered":"https:\/\/leschamps.org\/site\/?page_id=44"},"modified":"2024-10-31T15:42:03","modified_gmt":"2024-10-31T15:42:03","slug":"salaries","status":"publish","type":"page","link":"https:\/\/leschamps.org\/site\/salaries\/","title":{"rendered":"SALARI\u00c9S"},"content":{"rendered":"\t\t<div data-elementor-type=\"wp-page\" data-elementor-id=\"44\" class=\"elementor elementor-44\">\n\t\t\t\t\t\t<div class=\"elementor-inner\">\n\t\t\t\t<div class=\"elementor-section-wrap\">\n\t\t\t\t\t\t\t\t\t<section class=\"elementor-section elementor-top-section elementor-element elementor-element-c8238bc elementor-section-boxed elementor-section-height-default elementor-section-height-default\" data-id=\"c8238bc\" data-element_type=\"section\">\n\t\t\t\t\t\t<div class=\"elementor-container elementor-column-gap-default\">\n\t\t\t\t\t\t\t<div class=\"elementor-row\">\n\t\t\t\t\t<div class=\"elementor-column elementor-col-100 elementor-top-column elementor-element elementor-element-5387667\" data-id=\"5387667\" data-element_type=\"column\">\n\t\t\t<div class=\"elementor-column-wrap elementor-element-populated\">\n\t\t\t\t\t\t\t<div class=\"elementor-widget-wrap\">\n\t\t\t\t\t\t<div class=\"elementor-element elementor-element-7ddc4cd elementor-widget elementor-widget-spacer\" data-id=\"7ddc4cd\" data-element_type=\"widget\" data-widget_type=\"spacer.default\">\n\t\t\t\t<div class=\"elementor-widget-container\">\n\t\t\t\t\t<div class=\"elementor-spacer\">\n\t\t\t<div class=\"elementor-spacer-inner\"><\/div>\n\t\t<\/div>\n\t\t\t\t<\/div>\n\t\t\t\t<\/div>\n\t\t\t\t\t\t<\/div>\n\t\t\t\t\t<\/div>\n\t\t<\/div>\n\t\t\t\t\t\t\t\t<\/div>\n\t\t\t\t\t<\/div>\n\t\t<\/section>\n\t\t\t\t<section class=\"elementor-section elementor-top-section elementor-element elementor-element-dd07362 elementor-section-boxed elementor-section-height-default elementor-section-height-default\" data-id=\"dd07362\" data-element_type=\"section\">\n\t\t\t\t\t\t<div class=\"elementor-container elementor-column-gap-default\">\n\t\t\t\t\t\t\t<div class=\"elementor-row\">\n\t\t\t\t\t<div class=\"elementor-column elementor-col-100 elementor-top-column elementor-element elementor-element-f8fcb0c\" data-id=\"f8fcb0c\" data-element_type=\"column\">\n\t\t\t<div class=\"elementor-column-wrap elementor-element-populated\">\n\t\t\t\t\t\t\t<div class=\"elementor-widget-wrap\">\n\t\t\t\t\t\t<div class=\"elementor-element elementor-element-0a9a1b9 elementor-widget elementor-widget-heading\" data-id=\"0a9a1b9\" data-element_type=\"widget\" data-widget_type=\"heading.default\">\n\t\t\t\t<div class=\"elementor-widget-container\">\n\t\t\t<h2 class=\"elementor-heading-title elementor-size-large\">Votre employeur fait appel \u00e0 nos services pour la gestion de son dossier social.<\/h2>\t\t<\/div>\n\t\t\t\t<\/div>\n\t\t\t\t<div class=\"elementor-element elementor-element-b319eed elementor-widget elementor-widget-heading\" data-id=\"b319eed\" data-element_type=\"widget\" data-widget_type=\"heading.default\">\n\t\t\t\t<div class=\"elementor-widget-container\">\n\t\t\t<h2 class=\"elementor-heading-title elementor-size-large\">ATTENTION !<\/h2>\t\t<\/div>\n\t\t\t\t<\/div>\n\t\t\t\t\t\t<\/div>\n\t\t\t\t\t<\/div>\n\t\t<\/div>\n\t\t\t\t\t\t\t\t<\/div>\n\t\t\t\t\t<\/div>\n\t\t<\/section>\n\t\t\t\t<section class=\"elementor-section elementor-top-section elementor-element elementor-element-4d9d722 elementor-section-boxed elementor-section-height-default elementor-section-height-default\" data-id=\"4d9d722\" data-element_type=\"section\">\n\t\t\t\t\t\t<div class=\"elementor-container elementor-column-gap-default\">\n\t\t\t\t\t\t\t<div class=\"elementor-row\">\n\t\t\t\t\t<div class=\"elementor-column elementor-col-100 elementor-top-column elementor-element elementor-element-d0e6662\" data-id=\"d0e6662\" data-element_type=\"column\">\n\t\t\t<div class=\"elementor-column-wrap elementor-element-populated\">\n\t\t\t\t\t\t\t<div class=\"elementor-widget-wrap\">\n\t\t\t\t\t\t<div class=\"elementor-element elementor-element-8c4df1a elementor-widget elementor-widget-text-editor\" data-id=\"8c4df1a\" data-element_type=\"widget\" data-widget_type=\"text-editor.default\">\n\t\t\t\t<div class=\"elementor-widget-container\">\n\t\t\t\t\t\t\t\t<div class=\"elementor-text-editor elementor-clearfix\">\n\t\t\t\t<p>Votre employeur reste votre interlocuteur <u><b>unique<\/b><\/u> pour toutes les questions relatives \u00e0 vos salaires. Aucune r\u00e9ponse ne vous sera apport\u00e9e en direct.<\/p>\t\t\t\t\t<\/div>\n\t\t\t\t\t\t<\/div>\n\t\t\t\t<\/div>\n\t\t\t\t\t\t<\/div>\n\t\t\t\t\t<\/div>\n\t\t<\/div>\n\t\t\t\t\t\t\t\t<\/div>\n\t\t\t\t\t<\/div>\n\t\t<\/section>\n\t\t\t\t<section class=\"elementor-section elementor-top-section elementor-element elementor-element-1077e54 elementor-section-boxed elementor-section-height-default elementor-section-height-default\" data-id=\"1077e54\" data-element_type=\"section\">\n\t\t\t\t\t\t<div class=\"elementor-container elementor-column-gap-default\">\n\t\t\t\t\t\t\t<div class=\"elementor-row\">\n\t\t\t\t\t<div class=\"elementor-column elementor-col-100 elementor-top-column elementor-element elementor-element-6b8002e\" data-id=\"6b8002e\" data-element_type=\"column\">\n\t\t\t<div class=\"elementor-column-wrap elementor-element-populated\">\n\t\t\t\t\t\t\t<div class=\"elementor-widget-wrap\">\n\t\t\t\t\t\t<div class=\"elementor-element elementor-element-f9ea862 elementor-widget elementor-widget-heading\" data-id=\"f9ea862\" data-element_type=\"widget\" data-widget_type=\"heading.default\">\n\t\t\t\t<div class=\"elementor-widget-container\">\n\t\t\t<h2 class=\"elementor-heading-title elementor-size-medium\">Notre \u00e9diteur de logiciel (GHS) met \u00e0 disposition de tous les salari\u00e9s un espace personnel gratuit et s\u00e9curis\u00e9 :<\/h2>\t\t<\/div>\n\t\t\t\t<\/div>\n\t\t\t\t\t\t<\/div>\n\t\t\t\t\t<\/div>\n\t\t<\/div>\n\t\t\t\t\t\t\t\t<\/div>\n\t\t\t\t\t<\/div>\n\t\t<\/section>\n\t\t\t\t<section class=\"elementor-section elementor-top-section elementor-element elementor-element-4b16e61 elementor-section-boxed elementor-section-height-default elementor-section-height-default\" data-id=\"4b16e61\" data-element_type=\"section\">\n\t\t\t\t\t\t<div class=\"elementor-container elementor-column-gap-default\">\n\t\t\t\t\t\t\t<div class=\"elementor-row\">\n\t\t\t\t\t<div class=\"elementor-column elementor-col-100 elementor-top-column elementor-element elementor-element-b3b2279\" data-id=\"b3b2279\" data-element_type=\"column\">\n\t\t\t<div class=\"elementor-column-wrap elementor-element-populated\">\n\t\t\t\t\t\t\t<div class=\"elementor-widget-wrap\">\n\t\t\t\t\t\t<div class=\"elementor-element elementor-element-79ccb24 elementor-widget elementor-widget-image\" data-id=\"79ccb24\" data-element_type=\"widget\" data-widget_type=\"image.default\">\n\t\t\t\t<div class=\"elementor-widget-container\">\n\t\t\t\t\t\t\t\t<div class=\"elementor-image\">\n\t\t\t\t\t\t\t\t\t\t\t\t\t<a href=\"https:\/\/transat.ghs.fr\/connexion\" target=\"_blank\">\n\t\t\t\t\t\t\t<img width=\"300\" height=\"69\" src=\"https:\/\/leschamps.org\/site\/wp-content\/uploads\/2018\/12\/TRANSAT_logo_pour_page_SALARI\u00c9S-300x69.png\" class=\"attachment-full size-full wp-image-66\" alt=\"\" loading=\"lazy\" \/>\t\t\t\t\t\t\t\t<\/a>\n\t\t\t\t\t\t\t\t\t\t\t\t\t\t<\/div>\n\t\t\t\t\t\t<\/div>\n\t\t\t\t<\/div>\n\t\t\t\t\t\t<\/div>\n\t\t\t\t\t<\/div>\n\t\t<\/div>\n\t\t\t\t\t\t\t\t<\/div>\n\t\t\t\t\t<\/div>\n\t\t<\/section>\n\t\t\t\t<section class=\"elementor-section elementor-top-section elementor-element elementor-element-f24f8da elementor-section-boxed elementor-section-height-default elementor-section-height-default\" data-id=\"f24f8da\" data-element_type=\"section\">\n\t\t\t\t\t\t<div class=\"elementor-container elementor-column-gap-default\">\n\t\t\t\t\t\t\t<div class=\"elementor-row\">\n\t\t\t\t\t<div class=\"elementor-column elementor-col-100 elementor-top-column elementor-element elementor-element-445bd54\" data-id=\"445bd54\" data-element_type=\"column\">\n\t\t\t<div class=\"elementor-column-wrap elementor-element-populated\">\n\t\t\t\t\t\t\t<div class=\"elementor-widget-wrap\">\n\t\t\t\t\t\t<div class=\"elementor-element elementor-element-a5ccc0d elementor-widget elementor-widget-text-editor\" data-id=\"a5ccc0d\" data-element_type=\"widget\" data-widget_type=\"text-editor.default\">\n\t\t\t\t<div class=\"elementor-widget-container\">\n\t\t\t\t\t\t\t\t<div class=\"elementor-text-editor elementor-clearfix\">\n\t\t\t\t<h2 class=\"western\">3 bonnes raisons d&rsquo;utiliser Transat<\/h2><ol><li><strong>Un espace salari\u00e9 gratuit, personnel et s\u00e9curis\u00e9.<\/strong><\/li><li><strong>Un moyen de faciliter vos \u00e9changes avec vos employeurs<br \/><\/strong>Recevez et conservez gr\u00e2ce \u00e0 Transat vos bulletins de paies, AEM et Certificats de Cong\u00e9s Spectacles.<br \/>Communiquez et informez vos employeurs de vos changements de coordonn\u00e9es (adresse, t\u00e9l\u00e9phone, RIB\u2026).<\/li><li><strong>Un tableau de bord pour visualiser un r\u00e9sum\u00e9 de vos paies et simplifier vos d\u00e9clarations mensuelles !<\/strong><\/li><\/ol><p><em>L\u2019ensemble de vos employeurs utilisant les logiciels <\/em><strong>sPAIEctacle<\/strong><em> et <\/em><strong>La Paie<\/strong><em> de GHS pourront communiquer et \u00e9changer avec vous gr\u00e2ce \u00e0 Transat.<\/em><\/p><p>Merci de transmettre votre adresse mail \u00e0 votre employeur pour b\u00e9n\u00e9ficier de ce service.<\/p><p>Vous pouvez \u00e9galement compl\u00e9ter et <strong>adresser \u00e0 votre employeur la fiche suivante<\/strong> :<\/p><p><strong>&#8211;&gt; <a href=\"https:\/\/leschamps.org\/site\/wp-content\/uploads\/2024\/10\/Fiche_Info_Salarie_INTERMITTENT.doc\">T\u00e9l\u00e9charger la fiche info salari\u00e9(e) intermittent(e)<\/a><\/strong><\/p>\t\t\t\t\t<\/div>\n\t\t\t\t\t\t<\/div>\n\t\t\t\t<\/div>\n\t\t\t\t\t\t<\/div>\n\t\t\t\t\t<\/div>\n\t\t<\/div>\n\t\t\t\t\t\t\t\t<\/div>\n\t\t\t\t\t<\/div>\n\t\t<\/section>\n\t\t\t\t\t\t\t\t\t<\/div>\n\t\t\t<\/div>\n\t\t\t\t\t<\/div>\n\t\t","protected":false},"excerpt":{"rendered":"<p>Votre employeur fait appel \u00e0 nos services pour la gestion de son dossier social. ATTENTION ! Votre employeur reste votre interlocuteur unique pour toutes les questions relatives \u00e0 vos salaires. Aucune r\u00e9ponse ne vous sera apport\u00e9e en direct. Notre \u00e9diteur&#8230; <a class=\"direadmore\" href=\"https:\/\/leschamps.org\/site\/salaries\/\"> Continue Reading&#8230;<\/a><\/p>\n","protected":false},"author":1,"featured_media":0,"parent":0,"menu_order":0,"comment_status":"closed","ping_status":"closed","template":"","meta":[],"_links":{"self":[{"href":"https:\/\/leschamps.org\/site\/wp-json\/wp\/v2\/pages\/44"}],"collection":[{"href":"https:\/\/leschamps.org\/site\/wp-json\/wp\/v2\/pages"}],"about":[{"href":"https:\/\/leschamps.org\/site\/wp-json\/wp\/v2\/types\/page"}],"author":[{"embeddable":true,"href":"https:\/\/leschamps.org\/site\/wp-json\/wp\/v2\/users\/1"}],"replies":[{"embeddable":true,"href":"https:\/\/leschamps.org\/site\/wp-json\/wp\/v2\/comments?post=44"}],"version-history":[{"count":13,"href":"https:\/\/leschamps.org\/site\/wp-json\/wp\/v2\/pages\/44\/revisions"}],"predecessor-version":[{"id":647,"href":"https:\/\/leschamps.org\/site\/wp-json\/wp\/v2\/pages\/44\/revisions\/647"}],"wp:attachment":[{"href":"https:\/\/leschamps.org\/site\/wp-json\/wp\/v2\/media?parent=44"}],"curies":[{"name":"wp","href":"https:\/\/api.w.org\/{rel}","templated":true}]}}