{"id":38,"date":"2018-12-19T08:56:10","date_gmt":"2018-12-19T08:56:10","guid":{"rendered":"https:\/\/leschamps.org\/site\/?page_id=38"},"modified":"2024-10-31T15:36:28","modified_gmt":"2024-10-31T15:36:28","slug":"en-pratique","status":"publish","type":"page","link":"https:\/\/leschamps.org\/site\/en-pratique\/","title":{"rendered":"EN PRATIQUE"},"content":{"rendered":"\t\t<div data-elementor-type=\"wp-page\" data-elementor-id=\"38\" class=\"elementor elementor-38\">\n\t\t\t\t\t\t<div class=\"elementor-inner\">\n\t\t\t\t<div class=\"elementor-section-wrap\">\n\t\t\t\t\t\t\t\t\t<section class=\"elementor-section elementor-top-section elementor-element elementor-element-7a3c6c1 elementor-section-boxed elementor-section-height-default elementor-section-height-default\" data-id=\"7a3c6c1\" data-element_type=\"section\">\n\t\t\t\t\t\t<div class=\"elementor-container elementor-column-gap-default\">\n\t\t\t\t\t\t\t<div class=\"elementor-row\">\n\t\t\t\t\t<div class=\"elementor-column elementor-col-100 elementor-top-column elementor-element elementor-element-450b0e0\" data-id=\"450b0e0\" data-element_type=\"column\">\n\t\t\t<div class=\"elementor-column-wrap elementor-element-populated\">\n\t\t\t\t\t\t\t<div class=\"elementor-widget-wrap\">\n\t\t\t\t\t\t<div class=\"elementor-element elementor-element-c467dfd elementor-widget elementor-widget-heading\" data-id=\"c467dfd\" data-element_type=\"widget\" data-widget_type=\"heading.default\">\n\t\t\t\t<div class=\"elementor-widget-container\">\n\t\t\t<h2 class=\"elementor-heading-title elementor-size-default\">Pour garantir la transmission en temps et en heure de vos d\u00e9clarations et de vos documents, et \u00e9viter ainsi de nombreuses d\u00e9convenues :<br><\/h2>\t\t<\/div>\n\t\t\t\t<\/div>\n\t\t\t\t\t\t<\/div>\n\t\t\t\t\t<\/div>\n\t\t<\/div>\n\t\t\t\t\t\t\t\t<\/div>\n\t\t\t\t\t<\/div>\n\t\t<\/section>\n\t\t\t\t<section class=\"elementor-section elementor-top-section elementor-element elementor-element-c23cecb elementor-section-boxed elementor-section-height-default elementor-section-height-default\" data-id=\"c23cecb\" data-element_type=\"section\">\n\t\t\t\t\t\t<div class=\"elementor-container elementor-column-gap-default\">\n\t\t\t\t\t\t\t<div class=\"elementor-row\">\n\t\t\t\t\t<div class=\"elementor-column elementor-col-100 elementor-top-column elementor-element elementor-element-2b4bc1c\" data-id=\"2b4bc1c\" data-element_type=\"column\">\n\t\t\t<div class=\"elementor-column-wrap elementor-element-populated\">\n\t\t\t\t\t\t\t<div class=\"elementor-widget-wrap\">\n\t\t\t\t\t\t<div class=\"elementor-element elementor-element-add90f7 elementor-widget elementor-widget-heading\" data-id=\"add90f7\" data-element_type=\"widget\" data-widget_type=\"heading.default\">\n\t\t\t\t<div class=\"elementor-widget-container\">\n\t\t\t<h2 class=\"elementor-heading-title elementor-size-large\">Nous avons besoin de vous : anticipons !<\/h2>\t\t<\/div>\n\t\t\t\t<\/div>\n\t\t\t\t\t\t<\/div>\n\t\t\t\t\t<\/div>\n\t\t<\/div>\n\t\t\t\t\t\t\t\t<\/div>\n\t\t\t\t\t<\/div>\n\t\t<\/section>\n\t\t\t\t<section class=\"elementor-section elementor-top-section elementor-element elementor-element-83e9fd6 elementor-section-boxed elementor-section-height-default elementor-section-height-default\" data-id=\"83e9fd6\" data-element_type=\"section\">\n\t\t\t\t\t\t<div class=\"elementor-container elementor-column-gap-default\">\n\t\t\t\t\t\t\t<div class=\"elementor-row\">\n\t\t\t\t\t<div class=\"elementor-column elementor-col-100 elementor-top-column elementor-element elementor-element-297f280\" data-id=\"297f280\" data-element_type=\"column\">\n\t\t\t<div class=\"elementor-column-wrap elementor-element-populated\">\n\t\t\t\t\t\t\t<div class=\"elementor-widget-wrap\">\n\t\t\t\t\t\t<div class=\"elementor-element elementor-element-deab4f4 elementor-widget elementor-widget-text-editor\" data-id=\"deab4f4\" data-element_type=\"widget\" data-widget_type=\"text-editor.default\">\n\t\t\t\t<div class=\"elementor-widget-container\">\n\t\t\t\t\t\t\t\t<div class=\"elementor-text-editor elementor-clearfix\">\n\t\t\t\t<h6 class=\"western\">Mais pas d\u2019inqui\u00e9tude, nous avons mis en place une proc\u00e9dure simple, d\u00e9mat\u00e9rialis\u00e9e et rapide, permettant la tenue des imp\u00e9ratifs calendaires.<\/h6>\t\t\t\t\t<\/div>\n\t\t\t\t\t\t<\/div>\n\t\t\t\t<\/div>\n\t\t\t\t\t\t<\/div>\n\t\t\t\t\t<\/div>\n\t\t<\/div>\n\t\t\t\t\t\t\t\t<\/div>\n\t\t\t\t\t<\/div>\n\t\t<\/section>\n\t\t\t\t<section class=\"elementor-section elementor-top-section elementor-element elementor-element-c99effe elementor-section-boxed elementor-section-height-default elementor-section-height-default\" data-id=\"c99effe\" data-element_type=\"section\">\n\t\t\t\t\t\t<div class=\"elementor-container elementor-column-gap-default\">\n\t\t\t\t\t\t\t<div class=\"elementor-row\">\n\t\t\t\t\t<div class=\"elementor-column elementor-col-100 elementor-top-column elementor-element elementor-element-09d4114\" data-id=\"09d4114\" data-element_type=\"column\">\n\t\t\t<div class=\"elementor-column-wrap elementor-element-populated\">\n\t\t\t\t\t\t\t<div class=\"elementor-widget-wrap\">\n\t\t\t\t\t\t<div class=\"elementor-element elementor-element-54f6f2d elementor-widget elementor-widget-text-editor\" data-id=\"54f6f2d\" data-element_type=\"widget\" data-widget_type=\"text-editor.default\">\n\t\t\t\t<div class=\"elementor-widget-container\">\n\t\t\t\t\t\t\t\t<div class=\"elementor-text-editor elementor-clearfix\">\n\t\t\t\t<p>En quelques mots\u00a0:<\/p><ul><li><p>Avant le 25 du mois pr\u00e9c\u00e9dant celui de la paye, vous nous transmettez par mail \u00e0 l&rsquo;adresse service.paye[at]leschamps.org vos demandes de payes concernant <strong>le mois \u00e0 venir<\/strong>, \u00e0 l\u2019aide d\u2019un<b> tableau simple<\/b> <a href=\"https:\/\/leschamps.org\/site\/wp-content\/uploads\/2021\/11\/Formulaire_demande_de_paie_EXCEL_97_2003.xls\" target=\"_blank\" rel=\"noopener\">que vous pouvez t\u00e9l\u00e9charger <strong>ICI<\/strong><\/a>. Nous demandons aux structures d\u2019anticiper au maximum leurs demandes, afin de pouvoir g\u00e9rer les urgences de derni\u00e8re minute.<\/p><\/li><li><p>Pour chaque nouveau salari\u00e9, vous nous adressez une fiche info compl\u00e9t\u00e9e, que vous pouvez t\u00e9l\u00e9charger :<\/p><ul><li><p><a href=\"https:\/\/leschamps.org\/site\/wp-content\/uploads\/2024\/10\/Fiche_Info_Salarie_PERMANENT.doc\"><strong>ICI<\/strong> pour un(e) salari\u00e9(e) permanent(e)<\/a><\/p><\/li><li><p><a href=\"https:\/\/leschamps.org\/site\/wp-content\/uploads\/2024\/10\/Fiche_Info_Salarie_INTERMITTENT.doc\"><strong>ICI<\/strong> pour un(e) salari\u00e9(e) intermittent(e)<\/a><\/p><\/li><\/ul><\/li><li><p>En g\u00e9n\u00e9ral entre le 24 et le 28 du mois de la paye, nous vous adressons au format PDF, via votre espace client en ligne, les payes, AEM, feuillets Cong\u00e9s Spectacles, ainsi que tout document li\u00e9 \u00e0 la paye de votre \u00e9quipe (soldes de tout compte, certificats de travail,&#8230;). Apr\u00e8s v\u00e9rification, vous pourrez les remettre \u00e0 votre \u00e9quipe et proc\u00e9der au versement de leur salaire net \u00e0 payer. Par la suite, vos salari\u00e9s retrouveront s&rsquo;ils le souhaitent tous leurs documents sur <a href=\"https:\/\/transat.ghs.fr\/connexion\" target=\"_blank\" rel=\"noopener\">leur espace personnel Transat<\/a>.<\/p><\/li><li><p>Chaque mois, nous g\u00e9rons pour vous le d\u00e9p\u00f4t et le suivi de vos DSN et des t\u00e9l\u00e9r\u00e8glements SEPA aff\u00e9rents, ainsi que les autres d\u00e9clarations sociales auxquelles vous \u00eates soumis.<\/p><\/li><\/ul><div style=\"top: 153.5px; left: 168.5px;\">\u00a0<\/div>\t\t\t\t\t<\/div>\n\t\t\t\t\t\t<\/div>\n\t\t\t\t<\/div>\n\t\t\t\t<div class=\"elementor-element elementor-element-d0a3e71 elementor-widget elementor-widget-text-editor\" data-id=\"d0a3e71\" data-element_type=\"widget\" data-widget_type=\"text-editor.default\">\n\t\t\t\t<div class=\"elementor-widget-container\">\n\t\t\t\t\t\t\t\t<div class=\"elementor-text-editor elementor-clearfix\">\n\t\t\t\t<h2 class=\"western\"><strong>Simplifiez vous la vie, nous sommes votre unique interlocuteur ! <\/strong><\/h2>\t\t\t\t\t<\/div>\n\t\t\t\t\t\t<\/div>\n\t\t\t\t<\/div>\n\t\t\t\t<div class=\"elementor-element elementor-element-f10d11e elementor-widget elementor-widget-text-editor\" data-id=\"f10d11e\" data-element_type=\"widget\" data-widget_type=\"text-editor.default\">\n\t\t\t\t<div class=\"elementor-widget-container\">\n\t\t\t\t\t\t\t\t<div class=\"elementor-text-editor elementor-clearfix\">\n\t\t\t\t<ul><li><p>Nous faisons le lien avec votre comptable pour la transmission des donn\u00e9es sociales.<br \/>Les archives compl\u00e8tes de votre exercice social seront \u00e0 tout moment disponible dans votre espace personnalis\u00e9.<\/p><\/li><li><p>En option, en amont des bulletins de salaires \u00e0 \u00e9diter, nous pouvons nous charger du d\u00e9p\u00f4t de vos DUE \u00e0 condition que demandes de paye nous parviennent bien dans les d\u00e9lais demand\u00e9s. Les contrats de travail doivent cependant \u00eatre r\u00e9dig\u00e9s par vos soins.<\/p><\/li><\/ul>\t\t\t\t\t<\/div>\n\t\t\t\t\t\t<\/div>\n\t\t\t\t<\/div>\n\t\t\t\t\t\t<\/div>\n\t\t\t\t\t<\/div>\n\t\t<\/div>\n\t\t\t\t\t\t\t\t<\/div>\n\t\t\t\t\t<\/div>\n\t\t<\/section>\n\t\t\t\t\t\t\t\t\t<\/div>\n\t\t\t<\/div>\n\t\t\t\t\t<\/div>\n\t\t","protected":false},"excerpt":{"rendered":"<p>Pour garantir la transmission en temps et en heure de vos d\u00e9clarations et de vos documents, et \u00e9viter ainsi de nombreuses d\u00e9convenues : Nous avons besoin de vous : anticipons ! Mais pas d\u2019inqui\u00e9tude, nous avons mis en place une&#8230; <a class=\"direadmore\" href=\"https:\/\/leschamps.org\/site\/en-pratique\/\"> Continue Reading&#8230;<\/a><\/p>\n","protected":false},"author":1,"featured_media":0,"parent":0,"menu_order":0,"comment_status":"closed","ping_status":"closed","template":"","meta":[],"_links":{"self":[{"href":"https:\/\/leschamps.org\/site\/wp-json\/wp\/v2\/pages\/38"}],"collection":[{"href":"https:\/\/leschamps.org\/site\/wp-json\/wp\/v2\/pages"}],"about":[{"href":"https:\/\/leschamps.org\/site\/wp-json\/wp\/v2\/types\/page"}],"author":[{"embeddable":true,"href":"https:\/\/leschamps.org\/site\/wp-json\/wp\/v2\/users\/1"}],"replies":[{"embeddable":true,"href":"https:\/\/leschamps.org\/site\/wp-json\/wp\/v2\/comments?post=38"}],"version-history":[{"count":33,"href":"https:\/\/leschamps.org\/site\/wp-json\/wp\/v2\/pages\/38\/revisions"}],"predecessor-version":[{"id":636,"href":"https:\/\/leschamps.org\/site\/wp-json\/wp\/v2\/pages\/38\/revisions\/636"}],"wp:attachment":[{"href":"https:\/\/leschamps.org\/site\/wp-json\/wp\/v2\/media?parent=38"}],"curies":[{"name":"wp","href":"https:\/\/api.w.org\/{rel}","templated":true}]}}