{"id":35,"date":"2018-12-19T08:55:57","date_gmt":"2018-12-19T08:55:57","guid":{"rendered":"https:\/\/leschamps.org\/site\/?page_id=35"},"modified":"2021-11-22T07:47:59","modified_gmt":"2021-11-22T07:47:59","slug":"clients","status":"publish","type":"page","link":"https:\/\/leschamps.org\/site\/clients\/","title":{"rendered":"ESPACE CLIENTS"},"content":{"rendered":"\t\t<div data-elementor-type=\"wp-page\" data-elementor-id=\"35\" class=\"elementor elementor-35\">\n\t\t\t\t\t\t<div class=\"elementor-inner\">\n\t\t\t\t<div class=\"elementor-section-wrap\">\n\t\t\t\t\t\t\t\t\t<section class=\"elementor-section elementor-top-section elementor-element elementor-element-07fc208 elementor-section-boxed elementor-section-height-default elementor-section-height-default\" data-id=\"07fc208\" data-element_type=\"section\">\n\t\t\t\t\t\t<div class=\"elementor-container elementor-column-gap-default\">\n\t\t\t\t\t\t\t<div class=\"elementor-row\">\n\t\t\t\t\t<div class=\"elementor-column elementor-col-100 elementor-top-column elementor-element elementor-element-392cc70\" data-id=\"392cc70\" data-element_type=\"column\">\n\t\t\t<div class=\"elementor-column-wrap elementor-element-populated\">\n\t\t\t\t\t\t\t<div class=\"elementor-widget-wrap\">\n\t\t\t\t\t\t<div class=\"elementor-element elementor-element-f7dd39a elementor-widget elementor-widget-heading\" data-id=\"f7dd39a\" data-element_type=\"widget\" data-widget_type=\"heading.default\">\n\t\t\t\t<div class=\"elementor-widget-container\">\n\t\t\t<h2 class=\"elementor-heading-title elementor-size-default\">Une plateforme d\u00e9di\u00e9e et s\u00e9curis\u00e9e rien que pour vous\u00a0!<\/h2>\t\t<\/div>\n\t\t\t\t<\/div>\n\t\t\t\t\t\t<\/div>\n\t\t\t\t\t<\/div>\n\t\t<\/div>\n\t\t\t\t\t\t\t\t<\/div>\n\t\t\t\t\t<\/div>\n\t\t<\/section>\n\t\t\t\t<section class=\"elementor-section elementor-top-section elementor-element elementor-element-88f4c16 elementor-section-boxed elementor-section-height-default elementor-section-height-default\" data-id=\"88f4c16\" data-element_type=\"section\">\n\t\t\t\t\t\t<div class=\"elementor-container elementor-column-gap-default\">\n\t\t\t\t\t\t\t<div class=\"elementor-row\">\n\t\t\t\t\t<div class=\"elementor-column elementor-col-100 elementor-top-column elementor-element elementor-element-2ddcaa2\" data-id=\"2ddcaa2\" data-element_type=\"column\">\n\t\t\t<div class=\"elementor-column-wrap elementor-element-populated\">\n\t\t\t\t\t\t\t<div class=\"elementor-widget-wrap\">\n\t\t\t\t\t\t<div class=\"elementor-element elementor-element-84d9d1d elementor-widget-divider--separator-type-pattern elementor-widget-divider--no-spacing elementor-widget-divider--view-line elementor-widget elementor-widget-divider\" data-id=\"84d9d1d\" data-element_type=\"widget\" data-widget_type=\"divider.default\">\n\t\t\t\t<div class=\"elementor-widget-container\">\n\t\t\t\t\t<div class=\"elementor-divider\" style=\"--divider-pattern-url: url(&quot;data:image\/svg+xml,%3Csvg xmlns=&#039;http:\/\/www.w3.org\/2000\/svg&#039; preserveAspectRatio=&#039;xMidYMid meet&#039; overflow=&#039;visible&#039; height=&#039;100%&#039; viewBox=&#039;0 0 120 26&#039; fill=&#039;black&#039; stroke=&#039;none&#039;%3E%3Cpath d=&#039;M54,1.6V26h-9V2.5L54,1.6z M69,1.6v23.3L60,26V1.6H69z M24,1.6v23.5l-9-0.6V1.6H24z M30,0l9,0.7v24.5h-9V0z M9,2.5v22H0V3.7L9,2.5z M75,1.6l9,0.9v22h-9V1.6z M99,2.7v21.7h-9V3.8L99,2.7z M114,3.8v20.7l-9-0.5V3.8L114,3.8z&#039;\/%3E%3C\/svg%3E&quot;);\">\n\t\t\t<span class=\"elementor-divider-separator\">\n\t\t\t\t\t\t<\/span>\n\t\t<\/div>\n\t\t\t\t<\/div>\n\t\t\t\t<\/div>\n\t\t\t\t<div class=\"elementor-element elementor-element-3b3a104 elementor-widget elementor-widget-text-editor\" data-id=\"3b3a104\" data-element_type=\"widget\" data-widget_type=\"text-editor.default\">\n\t\t\t\t<div class=\"elementor-widget-container\">\n\t\t\t\t\t\t\t\t<div class=\"elementor-text-editor elementor-clearfix\">\n\t\t\t\t<p><strong>Vous avez re\u00e7u par mail un mot de passe et votre lien de connexion<\/strong><\/p><p><strong>sur lequel il faut cliquer pour acc\u00e9der \u00e0 votre dossier partag\u00e9.<\/strong><\/p><p><strong>\u00a0<\/strong><\/p><p><strong>Si vous avez \u00e9gar\u00e9 ce mail, vous pouvez demander un nouveau lien :<br \/><\/strong><\/p>\t\t\t\t\t<\/div>\n\t\t\t\t\t\t<\/div>\n\t\t\t\t<\/div>\n\t\t\t\t<div class=\"elementor-element elementor-element-ec88c53 elementor-align-center elementor-widget elementor-widget-button\" data-id=\"ec88c53\" data-element_type=\"widget\" data-widget_type=\"button.default\">\n\t\t\t\t<div class=\"elementor-widget-container\">\n\t\t\t\t\t<div class=\"elementor-button-wrapper\">\n\t\t\t<a href=\"mailto:?to=service.paye@leschamps.org\" target=\"_blank\" class=\"elementor-button-link elementor-button elementor-size-sm\" role=\"button\">\n\t\t\t\t\t\t<span class=\"elementor-button-content-wrapper\">\n\t\t\t\t\t\t<span class=\"elementor-button-text\">Cliquez ici<\/span>\n\t\t<\/span>\n\t\t\t\t\t<\/a>\n\t\t<\/div>\n\t\t\t\t<\/div>\n\t\t\t\t<\/div>\n\t\t\t\t<div class=\"elementor-element elementor-element-bce7a3e elementor-widget-divider--separator-type-pattern elementor-widget-divider--no-spacing elementor-widget-divider--view-line elementor-widget elementor-widget-divider\" data-id=\"bce7a3e\" data-element_type=\"widget\" data-widget_type=\"divider.default\">\n\t\t\t\t<div class=\"elementor-widget-container\">\n\t\t\t\t\t<div class=\"elementor-divider\" style=\"--divider-pattern-url: url(&quot;data:image\/svg+xml,%3Csvg xmlns=&#039;http:\/\/www.w3.org\/2000\/svg&#039; preserveAspectRatio=&#039;xMidYMid meet&#039; overflow=&#039;visible&#039; height=&#039;100%&#039; viewBox=&#039;0 0 120 26&#039; fill=&#039;black&#039; stroke=&#039;none&#039;%3E%3Cpath d=&#039;M54,1.6V26h-9V2.5L54,1.6z M69,1.6v23.3L60,26V1.6H69z M24,1.6v23.5l-9-0.6V1.6H24z M30,0l9,0.7v24.5h-9V0z M9,2.5v22H0V3.7L9,2.5z M75,1.6l9,0.9v22h-9V1.6z M99,2.7v21.7h-9V3.8L99,2.7z M114,3.8v20.7l-9-0.5V3.8L114,3.8z&#039;\/%3E%3C\/svg%3E&quot;);\">\n\t\t\t<span class=\"elementor-divider-separator\">\n\t\t\t\t\t\t<\/span>\n\t\t<\/div>\n\t\t\t\t<\/div>\n\t\t\t\t<\/div>\n\t\t\t\t\t\t<\/div>\n\t\t\t\t\t<\/div>\n\t\t<\/div>\n\t\t\t\t\t\t\t\t<\/div>\n\t\t\t\t\t<\/div>\n\t\t<\/section>\n\t\t\t\t<section class=\"elementor-section elementor-top-section elementor-element elementor-element-e39708d elementor-section-boxed elementor-section-height-default elementor-section-height-default\" data-id=\"e39708d\" data-element_type=\"section\">\n\t\t\t\t\t\t<div class=\"elementor-container elementor-column-gap-default\">\n\t\t\t\t\t\t\t<div class=\"elementor-row\">\n\t\t\t\t\t<div class=\"elementor-column elementor-col-100 elementor-top-column elementor-element elementor-element-7ad5c4c\" data-id=\"7ad5c4c\" data-element_type=\"column\">\n\t\t\t<div class=\"elementor-column-wrap elementor-element-populated\">\n\t\t\t\t\t\t\t<div class=\"elementor-widget-wrap\">\n\t\t\t\t\t\t<div class=\"elementor-element elementor-element-4139336 elementor-widget elementor-widget-heading\" data-id=\"4139336\" data-element_type=\"widget\" data-widget_type=\"heading.default\">\n\t\t\t\t<div class=\"elementor-widget-container\">\n\t\t\t<h3 class=\"elementor-heading-title elementor-size-default\">Les Champs du Possible version 2.0<\/h3>\t\t<\/div>\n\t\t\t\t<\/div>\n\t\t\t\t\t\t<\/div>\n\t\t\t\t\t<\/div>\n\t\t<\/div>\n\t\t\t\t\t\t\t\t<\/div>\n\t\t\t\t\t<\/div>\n\t\t<\/section>\n\t\t\t\t<section class=\"elementor-section elementor-top-section elementor-element elementor-element-dab127d elementor-section-boxed elementor-section-height-default elementor-section-height-default\" data-id=\"dab127d\" data-element_type=\"section\">\n\t\t\t\t\t\t<div class=\"elementor-container elementor-column-gap-default\">\n\t\t\t\t\t\t\t<div class=\"elementor-row\">\n\t\t\t\t\t<div class=\"elementor-column elementor-col-100 elementor-top-column elementor-element elementor-element-58476e8\" data-id=\"58476e8\" data-element_type=\"column\">\n\t\t\t<div class=\"elementor-column-wrap elementor-element-populated\">\n\t\t\t\t\t\t\t<div class=\"elementor-widget-wrap\">\n\t\t\t\t\t\t<div class=\"elementor-element elementor-element-937f0d6 elementor-widget elementor-widget-text-editor\" data-id=\"937f0d6\" data-element_type=\"widget\" data-widget_type=\"text-editor.default\">\n\t\t\t\t<div class=\"elementor-widget-container\">\n\t\t\t\t\t\t\t\t<div class=\"elementor-text-editor elementor-clearfix\">\n\t\t\t\t<p align=\"justify\">Cet espace client LCDP personnalis\u00e9 et s\u00e9curis\u00e9 vous permettra d\u2019acc\u00e9der \u00e0 tout moment \u00e0 vos donn\u00e9es\u00a0: paies, contrats, feuillets CS, AEM\u2026 et \u00e0 vos justificatifs comptables pour chaque exercice pass\u00e9 \u00e0 nos c\u00f4t\u00e9s.<\/p><p align=\"justify\">Vous pourrez ainsi, depuis votre espace, t\u00e9l\u00e9charger l\u2019ensemble de ces documents sur votre poste de travail, et les transmettre \u00e0 votre \u00e9quipe et\/ou \u00e0 votre comptable chaque fin de mois.<\/p><p align=\"justify\">\u00c0 chaque d\u00e9p\u00f4t de documents <strong>vous serez alert\u00e9 par e-mail<\/strong>.<\/p><p align=\"justify\">En cas de modification sur la p\u00e9riode, il faudra bien vous assurer que vous avez t\u00e9l\u00e9charg\u00e9 la derni\u00e8re version \u00e0 jour.<\/p><p align=\"justify\">Enfin vos salari\u00e9s pourront quant \u00e0 eux b\u00e9n\u00e9ficier d\u2019un espace personnel gratuit et s\u00e9curis\u00e9 mis \u00e0 disposition par GHS, notre \u00e9diteur de logiciel, et retrouver ainsi l\u2019ensemble de leurs paies, AEM et CS ou contrats : <a href=\"https:\/\/transat.ghs.fr\/connexion\">transat.ghs.fr<\/a><\/p><p align=\"justify\">Attention \u00e0 ne pas confondre votre espace client LCDP avec l&rsquo;espace personnel Transat r\u00e9serv\u00e9 \u00e0 vos salari\u00e9s, ce sont deux outils distincts.<\/p>\t\t\t\t\t<\/div>\n\t\t\t\t\t\t<\/div>\n\t\t\t\t<\/div>\n\t\t\t\t\t\t<\/div>\n\t\t\t\t\t<\/div>\n\t\t<\/div>\n\t\t\t\t\t\t\t\t<\/div>\n\t\t\t\t\t<\/div>\n\t\t<\/section>\n\t\t\t\t\t\t\t\t\t<\/div>\n\t\t\t<\/div>\n\t\t\t\t\t<\/div>\n\t\t","protected":false},"excerpt":{"rendered":"<p>Une plateforme d\u00e9di\u00e9e et s\u00e9curis\u00e9e rien que pour vous\u00a0! Vous avez re\u00e7u par mail un mot de passe et votre lien de connexion sur lequel il faut cliquer pour acc\u00e9der \u00e0 votre dossier partag\u00e9. \u00a0 Si vous avez \u00e9gar\u00e9 ce&#8230; <a class=\"direadmore\" href=\"https:\/\/leschamps.org\/site\/clients\/\"> Continue Reading&#8230;<\/a><\/p>\n","protected":false},"author":1,"featured_media":0,"parent":0,"menu_order":0,"comment_status":"closed","ping_status":"closed","template":"","meta":[],"_links":{"self":[{"href":"https:\/\/leschamps.org\/site\/wp-json\/wp\/v2\/pages\/35"}],"collection":[{"href":"https:\/\/leschamps.org\/site\/wp-json\/wp\/v2\/pages"}],"about":[{"href":"https:\/\/leschamps.org\/site\/wp-json\/wp\/v2\/types\/page"}],"author":[{"embeddable":true,"href":"https:\/\/leschamps.org\/site\/wp-json\/wp\/v2\/users\/1"}],"replies":[{"embeddable":true,"href":"https:\/\/leschamps.org\/site\/wp-json\/wp\/v2\/comments?post=35"}],"version-history":[{"count":27,"href":"https:\/\/leschamps.org\/site\/wp-json\/wp\/v2\/pages\/35\/revisions"}],"predecessor-version":[{"id":421,"href":"https:\/\/leschamps.org\/site\/wp-json\/wp\/v2\/pages\/35\/revisions\/421"}],"wp:attachment":[{"href":"https:\/\/leschamps.org\/site\/wp-json\/wp\/v2\/media?parent=35"}],"curies":[{"name":"wp","href":"https:\/\/api.w.org\/{rel}","templated":true}]}}