{"id":32,"date":"2018-12-19T08:55:36","date_gmt":"2018-12-19T08:55:36","guid":{"rendered":"https:\/\/leschamps.org\/site\/?page_id=32"},"modified":"2024-10-31T15:39:56","modified_gmt":"2024-10-31T15:39:56","slug":"accueil","status":"publish","type":"page","link":"https:\/\/leschamps.org\/site\/","title":{"rendered":"ACCUEIL"},"content":{"rendered":"\t\t<div data-elementor-type=\"wp-page\" data-elementor-id=\"32\" class=\"elementor elementor-32\">\n\t\t\t\t\t\t<div class=\"elementor-inner\">\n\t\t\t\t<div class=\"elementor-section-wrap\">\n\t\t\t\t\t\t\t\t\t<section class=\"elementor-section elementor-top-section elementor-element elementor-element-cdcbb0a elementor-section-boxed elementor-section-height-default elementor-section-height-default\" data-id=\"cdcbb0a\" data-element_type=\"section\">\n\t\t\t\t\t\t<div class=\"elementor-container elementor-column-gap-default\">\n\t\t\t\t\t\t\t<div class=\"elementor-row\">\n\t\t\t\t\t<div class=\"elementor-column elementor-col-100 elementor-top-column elementor-element elementor-element-fd55b82\" data-id=\"fd55b82\" data-element_type=\"column\">\n\t\t\t<div class=\"elementor-column-wrap elementor-element-populated\">\n\t\t\t\t\t\t\t<div class=\"elementor-widget-wrap\">\n\t\t\t\t\t\t<div class=\"elementor-element elementor-element-debd96f elementor-widget elementor-widget-heading\" data-id=\"debd96f\" data-element_type=\"widget\" data-widget_type=\"heading.default\">\n\t\t\t\t<div class=\"elementor-widget-container\">\n\t\t\t<h2 class=\"elementor-heading-title elementor-size-default\"><br><br>EXPERTISE &amp; CONSEIL EN GESTION DE LA PAYE DU SPECTACLE DEPUIS 2006<\/h2>\t\t<\/div>\n\t\t\t\t<\/div>\n\t\t\t\t<div class=\"elementor-element elementor-element-82cbdf4 elementor-widget elementor-widget-spacer\" data-id=\"82cbdf4\" data-element_type=\"widget\" data-widget_type=\"spacer.default\">\n\t\t\t\t<div class=\"elementor-widget-container\">\n\t\t\t\t\t<div class=\"elementor-spacer\">\n\t\t\t<div class=\"elementor-spacer-inner\"><\/div>\n\t\t<\/div>\n\t\t\t\t<\/div>\n\t\t\t\t<\/div>\n\t\t\t\t\t\t<\/div>\n\t\t\t\t\t<\/div>\n\t\t<\/div>\n\t\t\t\t\t\t\t\t<\/div>\n\t\t\t\t\t<\/div>\n\t\t<\/section>\n\t\t\t\t<section class=\"elementor-section elementor-top-section elementor-element elementor-element-0748a15 elementor-section-boxed elementor-section-height-default elementor-section-height-default\" data-id=\"0748a15\" data-element_type=\"section\">\n\t\t\t\t\t\t<div class=\"elementor-container elementor-column-gap-default\">\n\t\t\t\t\t\t\t<div class=\"elementor-row\">\n\t\t\t\t\t<div class=\"elementor-column elementor-col-50 elementor-top-column elementor-element elementor-element-84eab04\" data-id=\"84eab04\" data-element_type=\"column\">\n\t\t\t<div class=\"elementor-column-wrap elementor-element-populated\">\n\t\t\t\t\t\t\t<div class=\"elementor-widget-wrap\">\n\t\t\t\t\t\t<div class=\"elementor-element elementor-element-f434400 elementor-widget elementor-widget-text-editor\" data-id=\"f434400\" data-element_type=\"widget\" data-widget_type=\"text-editor.default\">\n\t\t\t\t<div class=\"elementor-widget-container\">\n\t\t\t\t\t\t\t\t<div class=\"elementor-text-editor elementor-clearfix\">\n\t\t\t\t<h1 class=\"western\">Vous cr\u00e9ez votre structure et\/ou vous souhaitez externaliser vos payes ?<\/h1><ul><li><p>Vous avez besoin de conseils pour r\u00e9pondre aux imp\u00e9ratifs l\u00e9gislatifs, conventionnels ou fiscaux\u00a0?<\/p><\/li><li><p>Vous avez besoin d\u2019un accompagnement dans le domaine de la gestion administrative et sociale de votre association ?<\/p><\/li><li><p>Ou simplement vous \u00eates las de d\u00e9marches administratives complexes dans un contexte l\u00e9gal et conventionnel en constante \u00e9volution.<\/p><\/li><\/ul>\t\t\t\t\t<\/div>\n\t\t\t\t\t\t<\/div>\n\t\t\t\t<\/div>\n\t\t\t\t\t\t<\/div>\n\t\t\t\t\t<\/div>\n\t\t<\/div>\n\t\t\t\t<div class=\"elementor-column elementor-col-50 elementor-top-column elementor-element elementor-element-6b7e346\" data-id=\"6b7e346\" data-element_type=\"column\">\n\t\t\t<div class=\"elementor-column-wrap elementor-element-populated\">\n\t\t\t\t\t\t\t<div class=\"elementor-widget-wrap\">\n\t\t\t\t\t\t<div class=\"elementor-element elementor-element-5f981cf elementor-widget elementor-widget-text-editor\" data-id=\"5f981cf\" data-element_type=\"widget\" data-widget_type=\"text-editor.default\">\n\t\t\t\t<div class=\"elementor-widget-container\">\n\t\t\t\t\t\t\t\t<div class=\"elementor-text-editor elementor-clearfix\">\n\t\t\t\t<h1 class=\"western\">Etudions ensemble une solution adapt\u00e9e \u00e0 vos besoins.<\/h1><p align=\"justify\">Une \u00e9quipe experte vous est d\u00e9di\u00e9e\u00a0: nous g\u00e9rons pour vous l\u2019ensemble des formalit\u00e9s li\u00e9es \u00e0 l\u2019embauche de vos salari\u00e9s, intermittents et permanents, de la DUE\/DPAE \u00e0 la DSN, en passant par les soldes de tout compte, paies complexes, mutuelles et pr\u00e9voyances, etc\u2026<\/p><p align=\"justify\"><b>Consultez nos tarifs<\/b> :<\/p><p align=\"justify\">&#8211;&gt; <strong><a href=\"https:\/\/leschamps.org\/site\/wp-content\/uploads\/2024\/10\/LCDP_Tarifs_Gestion_Sociale_F_2022-3.pdf\">ICI<\/a> <\/strong>si votre structure est soumise \u00e0 la TVA<\/p><p align=\"justify\">&#8211;&gt; <a href=\"https:\/\/leschamps.org\/site\/wp-content\/uploads\/2024\/10\/LCDP_Tarifs_Gestion_Sociale_NF_2022-1.pdf\"><strong>ICI <\/strong><\/a>si votre structure n&rsquo;est pas soumise \u00e0 la TVA<\/p>\t\t\t\t\t<\/div>\n\t\t\t\t\t\t<\/div>\n\t\t\t\t<\/div>\n\t\t\t\t\t\t<\/div>\n\t\t\t\t\t<\/div>\n\t\t<\/div>\n\t\t\t\t\t\t\t\t<\/div>\n\t\t\t\t\t<\/div>\n\t\t<\/section>\n\t\t\t\t<section class=\"elementor-section elementor-top-section elementor-element elementor-element-3204d62 elementor-section-boxed elementor-section-height-default elementor-section-height-default\" data-id=\"3204d62\" data-element_type=\"section\">\n\t\t\t\t\t\t<div class=\"elementor-container elementor-column-gap-default\">\n\t\t\t\t\t\t\t<div class=\"elementor-row\">\n\t\t\t\t\t<div class=\"elementor-column elementor-col-100 elementor-top-column elementor-element elementor-element-3ce4ce8\" data-id=\"3ce4ce8\" data-element_type=\"column\">\n\t\t\t<div class=\"elementor-column-wrap elementor-element-populated\">\n\t\t\t\t\t\t\t<div class=\"elementor-widget-wrap\">\n\t\t\t\t\t\t<div class=\"elementor-element elementor-element-5cebab6 elementor-widget-divider--view-line elementor-widget elementor-widget-divider\" data-id=\"5cebab6\" data-element_type=\"widget\" data-widget_type=\"divider.default\">\n\t\t\t\t<div class=\"elementor-widget-container\">\n\t\t\t\t\t<div class=\"elementor-divider\">\n\t\t\t<span class=\"elementor-divider-separator\">\n\t\t\t\t\t\t<\/span>\n\t\t<\/div>\n\t\t\t\t<\/div>\n\t\t\t\t<\/div>\n\t\t\t\t\t\t<\/div>\n\t\t\t\t\t<\/div>\n\t\t<\/div>\n\t\t\t\t\t\t\t\t<\/div>\n\t\t\t\t\t<\/div>\n\t\t<\/section>\n\t\t\t\t<section class=\"elementor-section elementor-top-section elementor-element elementor-element-a8873dd elementor-section-boxed elementor-section-height-default elementor-section-height-default\" data-id=\"a8873dd\" data-element_type=\"section\">\n\t\t\t\t\t\t<div class=\"elementor-container elementor-column-gap-default\">\n\t\t\t\t\t\t\t<div class=\"elementor-row\">\n\t\t\t\t\t<div class=\"elementor-column elementor-col-100 elementor-top-column elementor-element elementor-element-2d36d48\" data-id=\"2d36d48\" data-element_type=\"column\">\n\t\t\t<div class=\"elementor-column-wrap elementor-element-populated\">\n\t\t\t\t\t\t\t<div class=\"elementor-widget-wrap\">\n\t\t\t\t\t\t<div class=\"elementor-element elementor-element-8faefe3 elementor-widget elementor-widget-text-editor\" data-id=\"8faefe3\" data-element_type=\"widget\" data-widget_type=\"text-editor.default\">\n\t\t\t\t<div class=\"elementor-widget-container\">\n\t\t\t\t\t\t\t\t<div class=\"elementor-text-editor elementor-clearfix\">\n\t\t\t\t<h1 class=\"western\">Nous vous accompagnons dans la cr\u00e9ation administrative de votre structure, dans sa gestion sociale de A \u00e0 Z.<\/h1><p align=\"justify\">Nous vous apportons nos conseils, une veille sociale, un accompagnement personnalis\u00e9 et d\u00e9mat\u00e9rialis\u00e9, porteur de solutions en gestion sociale et comptabilit\u00e9.<\/p><p align=\"justify\">B\u00e9n\u00e9ficiez d\u2019une plateforme internet d\u00e9di\u00e9e afin d\u2019acc\u00e9der en un clic \u00e0 tous vos documents, fiches de paie, attestations, justificatifs comptables.<\/p>\t\t\t\t\t<\/div>\n\t\t\t\t\t\t<\/div>\n\t\t\t\t<\/div>\n\t\t\t\t\t\t<\/div>\n\t\t\t\t\t<\/div>\n\t\t<\/div>\n\t\t\t\t\t\t\t\t<\/div>\n\t\t\t\t\t<\/div>\n\t\t<\/section>\n\t\t\t\t<section class=\"elementor-section elementor-top-section elementor-element elementor-element-4df7ee1 elementor-section-boxed elementor-section-height-default elementor-section-height-default\" data-id=\"4df7ee1\" data-element_type=\"section\">\n\t\t\t\t\t\t<div class=\"elementor-container elementor-column-gap-default\">\n\t\t\t\t\t\t\t<div class=\"elementor-row\">\n\t\t\t\t\t<div class=\"elementor-column elementor-col-100 elementor-top-column elementor-element elementor-element-e716d8e\" data-id=\"e716d8e\" data-element_type=\"column\">\n\t\t\t<div class=\"elementor-column-wrap elementor-element-populated\">\n\t\t\t\t\t\t\t<div class=\"elementor-widget-wrap\">\n\t\t\t\t\t\t<div class=\"elementor-element elementor-element-a06487b elementor-view-default elementor-widget elementor-widget-icon\" data-id=\"a06487b\" data-element_type=\"widget\" data-widget_type=\"icon.default\">\n\t\t\t\t<div class=\"elementor-widget-container\">\n\t\t\t\t\t<div class=\"elementor-icon-wrapper\">\n\t\t\t<div class=\"elementor-icon\">\n\t\t\t\t\t\t\t<i class=\"fa fa-star\" aria-hidden=\"true\"><\/i>\n\t\t\t\t\t\t<\/div>\n\t\t<\/div>\n\t\t\t\t<\/div>\n\t\t\t\t<\/div>\n\t\t\t\t\t\t<\/div>\n\t\t\t\t\t<\/div>\n\t\t<\/div>\n\t\t\t\t\t\t\t\t<\/div>\n\t\t\t\t\t<\/div>\n\t\t<\/section>\n\t\t\t\t<section class=\"elementor-section elementor-top-section elementor-element elementor-element-0dc6e50 elementor-section-boxed elementor-section-height-default elementor-section-height-default\" data-id=\"0dc6e50\" data-element_type=\"section\">\n\t\t\t\t\t\t<div class=\"elementor-container elementor-column-gap-default\">\n\t\t\t\t\t\t\t<div class=\"elementor-row\">\n\t\t\t\t\t<div class=\"elementor-column elementor-col-100 elementor-top-column elementor-element elementor-element-5cb1f76\" data-id=\"5cb1f76\" data-element_type=\"column\">\n\t\t\t<div class=\"elementor-column-wrap elementor-element-populated\">\n\t\t\t\t\t\t\t<div class=\"elementor-widget-wrap\">\n\t\t\t\t\t\t<div class=\"elementor-element elementor-element-d806bb6 elementor-widget elementor-widget-text-editor\" data-id=\"d806bb6\" data-element_type=\"widget\" data-widget_type=\"text-editor.default\">\n\t\t\t\t<div class=\"elementor-widget-container\">\n\t\t\t\t\t\t\t\t<div class=\"elementor-text-editor elementor-clearfix\">\n\t\t\t\t<h1 class=\"western\">N\u2019h\u00e9sitez pas \u00e0 nous contacter !<\/h1>\t\t\t\t\t<\/div>\n\t\t\t\t\t\t<\/div>\n\t\t\t\t<\/div>\n\t\t\t\t\t\t<\/div>\n\t\t\t\t\t<\/div>\n\t\t<\/div>\n\t\t\t\t\t\t\t\t<\/div>\n\t\t\t\t\t<\/div>\n\t\t<\/section>\n\t\t\t\t<section class=\"elementor-section elementor-top-section elementor-element elementor-element-0b6142e elementor-section-boxed elementor-section-height-default elementor-section-height-default\" data-id=\"0b6142e\" data-element_type=\"section\">\n\t\t\t\t\t\t<div class=\"elementor-container elementor-column-gap-default\">\n\t\t\t\t\t\t\t<div class=\"elementor-row\">\n\t\t\t\t\t<div class=\"elementor-column elementor-col-100 elementor-top-column elementor-element elementor-element-1233fd8\" data-id=\"1233fd8\" data-element_type=\"column\">\n\t\t\t<div class=\"elementor-column-wrap elementor-element-populated\">\n\t\t\t\t\t\t\t<div class=\"elementor-widget-wrap\">\n\t\t\t\t\t\t<div class=\"elementor-element elementor-element-58ae5bd elementor-align-center elementor-widget elementor-widget-button\" data-id=\"58ae5bd\" data-element_type=\"widget\" data-widget_type=\"button.default\">\n\t\t\t\t<div class=\"elementor-widget-container\">\n\t\t\t\t\t<div class=\"elementor-button-wrapper\">\n\t\t\t<a href=\"mailto:service.paye@leschamps.org\" target=\"_blank\" class=\"elementor-button-link elementor-button elementor-size-sm\" role=\"button\">\n\t\t\t\t\t\t<span class=\"elementor-button-content-wrapper\">\n\t\t\t\t\t\t<span class=\"elementor-button-text\">Je clique !<\/span>\n\t\t<\/span>\n\t\t\t\t\t<\/a>\n\t\t<\/div>\n\t\t\t\t<\/div>\n\t\t\t\t<\/div>\n\t\t\t\t\t\t<\/div>\n\t\t\t\t\t<\/div>\n\t\t<\/div>\n\t\t\t\t\t\t\t\t<\/div>\n\t\t\t\t\t<\/div>\n\t\t<\/section>\n\t\t\t\t\t\t\t\t\t<\/div>\n\t\t\t<\/div>\n\t\t\t\t\t<\/div>\n\t\t","protected":false},"excerpt":{"rendered":"<p>EXPERTISE &amp; CONSEIL EN GESTION DE LA PAYE DU SPECTACLE DEPUIS 2006 Vous cr\u00e9ez votre structure et\/ou vous souhaitez externaliser vos payes ? Vous avez besoin de conseils pour r\u00e9pondre aux imp\u00e9ratifs l\u00e9gislatifs, conventionnels ou fiscaux\u00a0? Vous avez besoin d\u2019un&#8230; <a class=\"direadmore\" href=\"https:\/\/leschamps.org\/site\/\"> Continue Reading&#8230;<\/a><\/p>\n","protected":false},"author":1,"featured_media":0,"parent":0,"menu_order":0,"comment_status":"closed","ping_status":"closed","template":"","meta":[],"_links":{"self":[{"href":"https:\/\/leschamps.org\/site\/wp-json\/wp\/v2\/pages\/32"}],"collection":[{"href":"https:\/\/leschamps.org\/site\/wp-json\/wp\/v2\/pages"}],"about":[{"href":"https:\/\/leschamps.org\/site\/wp-json\/wp\/v2\/types\/page"}],"author":[{"embeddable":true,"href":"https:\/\/leschamps.org\/site\/wp-json\/wp\/v2\/users\/1"}],"replies":[{"embeddable":true,"href":"https:\/\/leschamps.org\/site\/wp-json\/wp\/v2\/comments?post=32"}],"version-history":[{"count":39,"href":"https:\/\/leschamps.org\/site\/wp-json\/wp\/v2\/pages\/32\/revisions"}],"predecessor-version":[{"id":644,"href":"https:\/\/leschamps.org\/site\/wp-json\/wp\/v2\/pages\/32\/revisions\/644"}],"wp:attachment":[{"href":"https:\/\/leschamps.org\/site\/wp-json\/wp\/v2\/media?parent=32"}],"curies":[{"name":"wp","href":"https:\/\/api.w.org\/{rel}","templated":true}]}}